{"id":104,"date":"2008-09-08T23:33:04","date_gmt":"2008-09-09T03:33:04","guid":{"rendered":"http:\/\/www.cinephys.com\/adgali\/thenews\/?page_id=104"},"modified":"2008-09-08T23:43:08","modified_gmt":"2008-09-09T03:43:08","slug":"cekoi-ca","status":"publish","type":"page","link":"http:\/\/www.cinephys.com\/adgali\/thenews\/?page_id=104","title":{"rendered":"C\u00e9koi Ca ?"},"content":{"rendered":"<p>Bonjour et bienvenu sur le site des news d&#8217;Adeline, Gael et Lisa.<\/p>\n<p>Pour ceux qui d\u00e9barquent, nous avons quitt\u00e9 la france en saisissant plusieurs oportunit\u00e9s qui se sont pr\u00e9sent\u00e9es:<br \/>\n&#8211; Post-doc pour Gael \u00e0 l&#8217;universit\u00e9 Columbia de New York City, Manhattan,<br \/>\n&#8211; Possibilit\u00e9 pour Adeline de continuer son travail pour les distributeurs europ\u00e9ens de cin\u00e9ma ind\u00e9pendant,<br \/>\n&#8211; Cr\u00e8chage \u00e0 l&#8217;am\u00e9ricaine pour la petite Lisa qui va apprendre l&#8217;anglais.<\/p>\n<p>Donc en somme, nous part\u00eemes \u00e0 3 en cette fin du mois d&#8217;ao\u00fbt de l&#8217;an de gr\u00e2ce 2008. Certains d&#8217;entre vous ont v\u00e9cu de tr\u00e8s pr\u00e8s notre d\u00e9m\u00e9nagement du 10 boulevard arago&#8230; et donc &#8220;merci&#8221; (certains l&#8217;ont m\u00eame v\u00e9cu depuis l&#8217;interieur du camion de d\u00e9m\u00e9nagement).<\/p>\n<p>On part pour 1, 2 ou 3 ans (ou plus, qui sait).<\/p>\n","protected":false},"excerpt":{"rendered":"<p>Bonjour et bienvenu sur le site des news d&#8217;Adeline, Gael et Lisa. Pour ceux qui d\u00e9barquent, nous avons quitt\u00e9 la france en saisissant plusieurs oportunit\u00e9s qui se sont pr\u00e9sent\u00e9es: &#8211; Post-doc pour Gael \u00e0 l&#8217;universit\u00e9 Columbia de New York City, Manhattan, &#8211; Possibilit\u00e9 pour Adeline de continuer son travail pour les distributeurs europ\u00e9ens de cin\u00e9ma [&hellip;]<\/p>\n","protected":false},"author":3,"featured_media":0,"parent":0,"menu_order":0,"comment_status":"open","ping_status":"open","template":"","meta":{"footnotes":""},"class_list":["post-104","page","type-page","status-publish","hentry"],"_links":{"self":[{"href":"http:\/\/www.cinephys.com\/adgali\/thenews\/index.php?rest_route=\/wp\/v2\/pages\/104","targetHints":{"allow":["GET"]}}],"collection":[{"href":"http:\/\/www.cinephys.com\/adgali\/thenews\/index.php?rest_route=\/wp\/v2\/pages"}],"about":[{"href":"http:\/\/www.cinephys.com\/adgali\/thenews\/index.php?rest_route=\/wp\/v2\/types\/page"}],"author":[{"embeddable":true,"href":"http:\/\/www.cinephys.com\/adgali\/thenews\/index.php?rest_route=\/wp\/v2\/users\/3"}],"replies":[{"embeddable":true,"href":"http:\/\/www.cinephys.com\/adgali\/thenews\/index.php?rest_route=%2Fwp%2Fv2%2Fcomments&post=104"}],"version-history":[{"count":5,"href":"http:\/\/www.cinephys.com\/adgali\/thenews\/index.php?rest_route=\/wp\/v2\/pages\/104\/revisions"}],"predecessor-version":[{"id":153,"href":"http:\/\/www.cinephys.com\/adgali\/thenews\/index.php?rest_route=\/wp\/v2\/pages\/104\/revisions\/153"}],"wp:attachment":[{"href":"http:\/\/www.cinephys.com\/adgali\/thenews\/index.php?rest_route=%2Fwp%2Fv2%2Fmedia&parent=104"}],"curies":[{"name":"wp","href":"https:\/\/api.w.org\/{rel}","templated":true}]}}