{"id":423,"date":"2008-10-13T21:34:55","date_gmt":"2008-10-14T01:34:55","guid":{"rendered":"http:\/\/www.cinephys.com\/adgali\/thenews\/?page_id=423"},"modified":"2008-10-13T21:34:55","modified_gmt":"2008-10-14T01:34:55","slug":"liste-des-posts","status":"publish","type":"page","link":"http:\/\/www.cinephys.com\/adgali\/thenews\/?page_id=423","title":{"rendered":"Liste des Posts"},"content":{"rendered":"<p><!-- WordPress Plugin PostLists by Rene Ade - http:\/\/www.rene-ade.de\/inhalte\/wordpress-plugin-postlists.html -->Liste des posts par ordre chronologique:<ul><li>September 2, 2008 : <a href=\"http:\/\/www.cinephys.com\/adgali\/thenews\/?p=3\">Manhattan ! ! ! !<\/a><\/li><li>September 3, 2008 : <a href=\"http:\/\/www.cinephys.com\/adgali\/thenews\/?p=12\">Lisa et le fromage&#8230;<\/a><\/li><li>September 5, 2008 : <a href=\"http:\/\/www.cinephys.com\/adgali\/thenews\/?p=25\">Notre appartement<\/a><\/li><li>September 8, 2008 : <a href=\"http:\/\/www.cinephys.com\/adgali\/thenews\/?p=27\">Un m\u00e9tro tr\u00e8s \u00e9colo ?<\/a><\/li><li>September 8, 2008 : <a href=\"http:\/\/www.cinephys.com\/adgali\/thenews\/?p=31\">Autour de notre appart ! ! ! !<\/a><\/li><li>September 12, 2008 : <a href=\"http:\/\/www.cinephys.com\/adgali\/thenews\/?p=160\">La paper-asse<\/a><\/li><li>September 13, 2008 : <a href=\"http:\/\/www.cinephys.com\/adgali\/thenews\/?p=221\">C&#8217;est la rentr\u00e9e pour Lisa<\/a><\/li><li>September 16, 2008 : <a href=\"http:\/\/www.cinephys.com\/adgali\/thenews\/?p=217\">Obama au bas mot&#8230;<\/a><\/li><li>September 20, 2008 : <a href=\"http:\/\/www.cinephys.com\/adgali\/thenews\/?p=162\">La terre promise des &#8220;sans-gluten&#8221;<\/a><\/li><li>October 9, 2008 : <a href=\"http:\/\/www.cinephys.com\/adgali\/thenews\/?p=311\">Installation termin\u00e9e<\/a><\/li><li>October 12, 2008 : <a href=\"http:\/\/www.cinephys.com\/adgali\/thenews\/?p=329\">Adresse et num\u00e9ros de t\u00e9l\u00e9phone !<\/a><\/li><li>October 15, 2008 : <a href=\"http:\/\/www.cinephys.com\/adgali\/thenews\/?p=387\">Les premiers mots de Lisa&#8230;<\/a><\/li><li>October 20, 2008 : <a href=\"http:\/\/www.cinephys.com\/adgali\/thenews\/?p=254\">L&#8217;appart,&#8230; Avant&#8230; Apr\u00e8s&#8230;<\/a><\/li><li>October 30, 2008 : <a href=\"http:\/\/www.cinephys.com\/adgali\/thenews\/?p=491\">Un an, l&#8217;Auvergne, Lisa<\/a><\/li><li>November 1, 2008 : <a href=\"http:\/\/www.cinephys.com\/adgali\/thenews\/?p=513\">Park et Zoo<\/a><\/li><li>November 2, 2008 : <a href=\"http:\/\/www.cinephys.com\/adgali\/thenews\/?p=533\">J&#8217;arrive pas \u00e0 lire les posts avec des albums Picasa<\/a><\/li><li>November 2, 2008 : <a href=\"http:\/\/www.cinephys.com\/adgali\/thenews\/?p=515\">Encore l\u2019avion&#8230;<\/a><\/li><li>November 4, 2008 : <a href=\"http:\/\/www.cinephys.com\/adgali\/thenews\/?p=585\">En ce jour d&#8217;\u00e9lection pr\u00e9sidentielle am\u00e9ricaine&#8230;<\/a><\/li><li>November 5, 2008 : <a href=\"http:\/\/www.cinephys.com\/adgali\/thenews\/?p=518\">Le diner d&#8217;Am\u00e9ricons ?<\/a><\/li><li>November 21, 2008 : <a href=\"http:\/\/www.cinephys.com\/adgali\/thenews\/?p=347\">Syst\u00e8me matrique ?<\/a><\/li><li>December 6, 2008 : <a href=\"http:\/\/www.cinephys.com\/adgali\/thenews\/?p=542\">Les rues de New York City<\/a><\/li><li>December 14, 2008 : <a href=\"http:\/\/www.cinephys.com\/adgali\/thenews\/?p=601\">Lisa, 17 mois, 12 dents et 5 cheveux : petit bilan de fin d&#8217;ann\u00e9e<\/a><\/li><li>January 7, 2009 : <a href=\"http:\/\/www.cinephys.com\/adgali\/thenews\/?p=636\">Coney Island<\/a><\/li><li>January 8, 2009 : <a href=\"http:\/\/www.cinephys.com\/adgali\/thenews\/?p=637\">La Star Gracad\u00e9mie !<\/a><\/li><li>February 22, 2009 : <a href=\"http:\/\/www.cinephys.com\/adgali\/thenews\/?p=647\">Le point sur Lisa<\/a><\/li><li>February 28, 2009 : <a href=\"http:\/\/www.cinephys.com\/adgali\/thenews\/?p=649\">French Tuesday<\/a><\/li><li>February 28, 2009 : <a href=\"http:\/\/www.cinephys.com\/adgali\/thenews\/?p=674\">Mot De Passe<\/a><\/li><li>March 4, 2009 : <a href=\"http:\/\/www.cinephys.com\/adgali\/thenews\/?p=652\">Le Parrain<\/a><\/li><li>March 28, 2009 : <a href=\"http:\/\/www.cinephys.com\/adgali\/thenews\/?p=704\">&#8220;Pouce dos tres&#8221; \u00e0 Manhattan<\/a><\/li><li>April 8, 2009 : <a href=\"http:\/\/www.cinephys.com\/adgali\/thenews\/?p=711\">Le point sur Lisa<\/a><\/li><li>April 16, 2009 : <a href=\"http:\/\/www.cinephys.com\/adgali\/thenews\/?p=738\">Hors de NYC, 1\u00e8re partie : 2 jours \u00e0 Long Island<\/a><\/li><li>April 19, 2009 : <a href=\"http:\/\/www.cinephys.com\/adgali\/thenews\/?p=757\">Hors de NYC, 2\u00e8me partie : 2 jours dans la for\u00eat de Woodstock<\/a><\/li><li>June 1, 2009 : <a href=\"http:\/\/www.cinephys.com\/adgali\/thenews\/?p=778\">Les news de mai : Aur\u00e9 et Doroth\u00e9e \u00e0 NY, Cannes &#038; les atomes froids<\/a><\/li><li>June 6, 2009 : <a href=\"http:\/\/www.cinephys.com\/adgali\/thenews\/?p=795\">Une apr\u00e8s-midi \u00e0 Battery Park City<\/a><\/li><li>June 23, 2009 : <a href=\"http:\/\/www.cinephys.com\/adgali\/thenews\/?p=809\">Lisa presque 2 ans<\/a><\/li><li>July 21, 2009 : <a href=\"http:\/\/www.cinephys.com\/adgali\/thenews\/?p=807\">De l&#8217;Am\u00e9rique en 2009: pratiques et quotidien<\/a><\/li><li>July 30, 2009 : <a href=\"http:\/\/www.cinephys.com\/adgali\/thenews\/?p=857\">Terrible Two<\/a><\/li><li>August 14, 2009 : <a href=\"http:\/\/www.cinephys.com\/adgali\/thenews\/?p=879\">Coney Island : version estivale<\/a><\/li><li>August 30, 2009 : <a href=\"http:\/\/www.cinephys.com\/adgali\/thenews\/?p=871\">6 Pouces au P\u00e9rou : 1\u00e8re partie<\/a><\/li><li>September 5, 2009 : <a href=\"http:\/\/www.cinephys.com\/adgali\/thenews\/?p=876\">6 Pouces au P\u00e9rou : 2\u00e8me partie<\/a><\/li><li>September 25, 2009 : <a href=\"http:\/\/www.cinephys.com\/adgali\/thenews\/?p=937\">L&#8217;\u00e9t\u00e9 de mes 2 ans<\/a><\/li><li>November 5, 2009 : <a href=\"http:\/\/www.cinephys.com\/adgali\/thenews\/?p=963\">Halloween<\/a><\/li><li>December 12, 2009 : <a href=\"http:\/\/www.cinephys.com\/adgali\/thenews\/?p=977\">Automne<\/a><\/li><li>January 1, 2010 : <a href=\"http:\/\/www.cinephys.com\/adgali\/thenews\/?p=1008\">Une belle ann\u00e9e \u00e0 tous!<\/a><\/li><li>January 27, 2010 : <a href=\"http:\/\/www.cinephys.com\/adgali\/thenews\/?p=1026\">Notre nouvel appart<\/a><\/li><li>February 2, 2010 : <a href=\"http:\/\/www.cinephys.com\/adgali\/thenews\/?p=997\">Petit lexique franco-am\u00e9ricain de la grossesse<\/a><\/li><li>March 10, 2010 : <a href=\"http:\/\/www.cinephys.com\/adgali\/thenews\/?p=1034\">G c&#8217;est J et J c&#8217;est G . . . !<\/a><\/li><li>March 19, 2010 : <a href=\"http:\/\/www.cinephys.com\/adgali\/thenews\/?p=1059\">La sant\u00e9 version US<\/a><\/li><li>April 6, 2010 : <a href=\"http:\/\/www.cinephys.com\/adgali\/thenews\/?p=1078\">Maya<\/a><\/li><li>April 6, 2010 : <a href=\"http:\/\/www.cinephys.com\/adgali\/thenews\/?p=1091\">Nouvelle s\u00e9rie: La photo de la semaine<\/a><\/li><li>April 18, 2010 : <a href=\"http:\/\/www.cinephys.com\/adgali\/thenews\/?p=1107\">La photo de la semaine (2) : il \u00e9tait une fois la Mauvaise Foi<\/a><\/li><li>May 3, 2010 : <a href=\"http:\/\/www.cinephys.com\/adgali\/thenews\/?p=1124\">Un mois de Maya<\/a><\/li><li>May 12, 2010 : <a href=\"http:\/\/www.cinephys.com\/adgali\/thenews\/?p=1146\">Journal de bord d&#8217;une jeune maman<\/a><\/li><li>June 11, 2010 : <a href=\"http:\/\/www.cinephys.com\/adgali\/thenews\/?p=1152\">Maya&#8217;s diary<\/a><\/li><li>June 17, 2010 : <a href=\"http:\/\/www.cinephys.com\/adgali\/thenews\/?p=1175\">Mes p\u00e9r\u00e9grinations new yorkaises<\/a><\/li><li>June 24, 2010 : <a href=\"http:\/\/www.cinephys.com\/adgali\/thenews\/?p=1197\">Le foot vu d&#8217;ici<\/a><\/li><li>June 28, 2010 : <a href=\"http:\/\/www.cinephys.com\/adgali\/thenews\/?p=1187\">Chroniques new-yorkaises : le dating<\/a><\/li><li>August 25, 2010 : <a href=\"http:\/\/www.cinephys.com\/adgali\/thenews\/?p=1221\">La photo de la semaine (3) : 75 euros<\/a><\/li><li>September 6, 2010 : <a href=\"http:\/\/www.cinephys.com\/adgali\/thenews\/?p=1254\">L&#8217;\u00e9t\u00e9 de mes 3 ans<\/a><\/li><li>September 21, 2010 : <a href=\"http:\/\/www.cinephys.com\/adgali\/thenews\/?p=1300\">Maya&#8217;s diary : 6 mois, 64cm, 6,5kgs<\/a><\/li><li>October 16, 2010 : <a href=\"http:\/\/www.cinephys.com\/adgali\/thenews\/?p=1336\">Les perles de Lisa<\/a><\/li><li>November 17, 2010 : <a href=\"http:\/\/www.cinephys.com\/adgali\/thenews\/?p=1346\">A la conqu\u00eate de l&#8217;Ouest<\/a><\/li><li>December 12, 2010 : <a href=\"http:\/\/www.cinephys.com\/adgali\/thenews\/?p=1368\">La photo de la semaine (4) : Mais o\u00f9 vont les SOS?<\/a><\/li><li>December 21, 2010 : <a href=\"http:\/\/www.cinephys.com\/adgali\/thenews\/?p=1380\">&#8220;C&#8217;est juste que&#8230;.&#8221;<\/a><\/li><li>January 1, 2011 : <a href=\"http:\/\/www.cinephys.com\/adgali\/thenews\/?p=1456\">Une pens\u00e9e pour toi, maman<\/a><\/li><li>January 16, 2011 : <a href=\"http:\/\/www.cinephys.com\/adgali\/thenews\/?p=1452\">New Orleans<\/a><\/li><li>February 9, 2011 : <a href=\"http:\/\/www.cinephys.com\/adgali\/thenews\/?p=1487\">Sous la neige&#8230;.<\/a><\/li><li>March 29, 2011 : <a href=\"http:\/\/www.cinephys.com\/adgali\/thenews\/?p=1513\">Notre Bed &#038; Breakfast new-yorkais<\/a><\/li><li>June 20, 2011 : <a href=\"http:\/\/www.cinephys.com\/adgali\/thenews\/?p=1520\">Un s\u00e9jour en France fou fou fou!<\/a><\/li><li>August 16, 2011 : <a href=\"http:\/\/www.cinephys.com\/adgali\/thenews\/?p=1538\">L&#8217;\u00e9t\u00e9 de mes 4 ans<\/a><\/li><li>August 22, 2011 : <a href=\"http:\/\/www.cinephys.com\/adgali\/thenews\/?p=1579\">Une soir\u00e9e chez les Yankees<\/a><\/li><li>August 29, 2011 : <a href=\"http:\/\/www.cinephys.com\/adgali\/thenews\/?p=1592\">La photo de la semaine (5) : &#8220;I am your father&#8221;<\/a><\/li><li>October 24, 2011 : <a href=\"http:\/\/www.cinephys.com\/adgali\/thenews\/?p=1604\">Actualit\u00e9 new-yorkaise<\/a><\/li><li>January 26, 2012 : <a href=\"http:\/\/www.cinephys.com\/adgali\/thenews\/?p=1646\">Un No\u00ebl en France<\/a><\/li><li>April 5, 2012 : <a href=\"http:\/\/www.cinephys.com\/adgali\/thenews\/?p=1658\">Les filles<\/a><\/li><li>April 16, 2012 : <a href=\"http:\/\/www.cinephys.com\/adgali\/thenews\/?p=1691\">Fire Island<\/a><\/li><li>May 7, 2012 : <a href=\"http:\/\/www.cinephys.com\/adgali\/thenews\/?p=1707\">La photo de la semaine (6) : just dancing<\/a><\/li><li>June 17, 2012 : <a href=\"http:\/\/www.cinephys.com\/adgali\/thenews\/?p=1722\">Isabelle<\/a><\/li><li>September 6, 2012 : <a href=\"http:\/\/www.cinephys.com\/adgali\/thenews\/?p=1731\">L&#8217;\u00e9cole des grands<\/a><\/li><li>November 19, 2012 : <a href=\"http:\/\/www.cinephys.com\/adgali\/thenews\/?p=1753\">Des nouvelles automnales<\/a><\/li><li>January 1, 2013 : <a href=\"http:\/\/www.cinephys.com\/adgali\/thenews\/?p=1792\">10 ans<\/a><\/li><li>February 12, 2013 : <a href=\"http:\/\/www.cinephys.com\/adgali\/thenews\/?p=1751\">La photo de la semaine (7) : Portrait, Punie<\/a><\/li><li>May 9, 2013 : <a href=\"http:\/\/www.cinephys.com\/adgali\/thenews\/?p=1813\">Le Far-West<\/a><\/li><li>June 13, 2013 : <a href=\"http:\/\/www.cinephys.com\/adgali\/thenews\/?p=1817\">La photo de la semaine (8) : Culture Pub<\/a><\/li><li>January 2, 2014 : <a href=\"http:\/\/www.cinephys.com\/adgali\/thenews\/?p=1878\">Bonne Ann\u00e9e 2014<\/a><\/li><li>June 28, 2014 : <a href=\"http:\/\/www.cinephys.com\/adgali\/thenews\/?p=1922\">Best of 2014 &#8230; so far<\/a><\/li><li>November 3, 2014 : <a href=\"http:\/\/www.cinephys.com\/adgali\/thenews\/?p=1978\">Et\u00e9 2014<\/a><\/li><li>January 26, 2015 : <a href=\"http:\/\/www.cinephys.com\/adgali\/thenews\/?p=1998\">La photo de la semaine (9) : News 352, first edition<\/a><\/li><li>June 1, 2015 : <a href=\"http:\/\/www.cinephys.com\/adgali\/thenews\/?p=2011\">Et le temps passe&#8230;<\/a><\/li><li>January 25, 2016 : <a href=\"http:\/\/www.cinephys.com\/adgali\/thenews\/?p=2044\">Et\u00e9\/automne 2015<\/a><\/li><li>February 14, 2016 : <a href=\"http:\/\/www.cinephys.com\/adgali\/thenews\/?p=2086\">La photo de la semaine : Neige a New York<\/a><\/li><li>April 4, 2016 : <a href=\"http:\/\/www.cinephys.com\/adgali\/thenews\/?p=2110\">Lisa \u00e0 l&#8217;\u00e9cole : \u00e9critures &#038; imitations<\/a><\/li><li>May 6, 2016 : <a href=\"http:\/\/www.cinephys.com\/adgali\/thenews\/?p=2093\">Les vid\u00e9os de la semaine : le linge &#8211; les devoirs &#8211; le robot<\/a><\/li><li>June 22, 2016 : <a href=\"http:\/\/www.cinephys.com\/adgali\/thenews\/?p=2143\">Maya, 6 ans<\/a><\/li><li>July 28, 2016 : <a href=\"http:\/\/www.cinephys.com\/adgali\/thenews\/?p=2199\">Lisa et ses petites videos scientifiques<\/a><\/li><li>September 24, 2016 : <a href=\"http:\/\/www.cinephys.com\/adgali\/thenews\/?p=2231\">Saisons, Part 1 : Hiver, Printemps 2016<\/a><\/li><li>November 22, 2016 : <a href=\"http:\/\/www.cinephys.com\/adgali\/thenews\/?p=2227\">Saisons, part 2 : Et\u00e9 2016<\/a><\/li><li>July 13, 2017 : <a href=\"http:\/\/www.cinephys.com\/adgali\/thenews\/?p=2289\">Ann\u00e9e scolaire 2016\/2017 : Lisa et Maya<\/a><\/li><li>October 16, 2017 : <a href=\"http:\/\/www.cinephys.com\/adgali\/thenews\/?p=2321\">La photo de la semaine (11) : Adeline nous fait son Cinema<\/a><\/li><li>December 7, 2017 : <a href=\"http:\/\/www.cinephys.com\/adgali\/thenews\/?p=2291\">2016\/2017 : Callicoon, vacances &#038; co<\/a><\/li><li>January 1, 2018 : <a href=\"http:\/\/www.cinephys.com\/adgali\/thenews\/?p=2352\">Bonne ann\u00e9e 2018!<\/a><\/li><li>June 30, 2018 : <a href=\"http:\/\/www.cinephys.com\/adgali\/thenews\/?p=2377\">La photo de la semaine (12) : Wall-E est un oiseau branch\u00e9<\/a><\/li><li>July 6, 2018 : <a href=\"http:\/\/www.cinephys.com\/adgali\/thenews\/?p=2395\">Lisa &#038; Maya : 2017\/2018<\/a><\/li><li>July 30, 2018 : <a href=\"http:\/\/www.cinephys.com\/adgali\/thenews\/?p=2385\">La photo de la semaine (13) : Les Rubik&#8217;s<\/a><\/li><li>November 11, 2018 : <a href=\"http:\/\/www.cinephys.com\/adgali\/thenews\/?p=2403\">La photo de la semaine (14) : Sabres Lasers Pour Halloween<\/a><\/li><li>January 9, 2019 : <a href=\"http:\/\/www.cinephys.com\/adgali\/thenews\/?p=2409\">Et\u00e9, automne 2018<\/a><\/li><li>December 14, 2019 : <a href=\"http:\/\/www.cinephys.com\/adgali\/thenews\/?p=2438\">So long, 2019!<\/a><\/li><li>April 13, 2021 : <a href=\"http:\/\/www.cinephys.com\/adgali\/thenews\/?p=2476\">Un an de pand\u00e9mie&#8230;<\/a><\/li><li>January 4, 2023 : <a href=\"http:\/\/www.cinephys.com\/adgali\/thenews\/?p=2522\">1er janvier 2023 : 20 ans sans toi, Maman<\/a><\/li><li>June 4, 2025 : <a href=\"http:\/\/www.cinephys.com\/adgali\/thenews\/?p=2626\">15 et (presque) 18 ans<\/a><\/li><\/ul><\/p>\n","protected":false},"excerpt":{"rendered":"<p>Liste des posts par ordre chronologique:September 2, 2008 : Manhattan ! ! ! !September 3, 2008 : Lisa et le fromage&#8230;September 5, 2008 : Notre appartementSeptember 8, 2008 : Un m\u00e9tro tr\u00e8s \u00e9colo ?September 8, 2008 : Autour de notre appart ! ! ! !September 12, 2008 : La paper-asseSeptember 13, 2008 : C&#8217;est la [&hellip;]<\/p>\n","protected":false},"author":1,"featured_media":0,"parent":0,"menu_order":0,"comment_status":"open","ping_status":"open","template":"","meta":{"footnotes":""},"class_list":["post-423","page","type-page","status-publish","hentry"],"_links":{"self":[{"href":"http:\/\/www.cinephys.com\/adgali\/thenews\/index.php?rest_route=\/wp\/v2\/pages\/423","targetHints":{"allow":["GET"]}}],"collection":[{"href":"http:\/\/www.cinephys.com\/adgali\/thenews\/index.php?rest_route=\/wp\/v2\/pages"}],"about":[{"href":"http:\/\/www.cinephys.com\/adgali\/thenews\/index.php?rest_route=\/wp\/v2\/types\/page"}],"author":[{"embeddable":true,"href":"http:\/\/www.cinephys.com\/adgali\/thenews\/index.php?rest_route=\/wp\/v2\/users\/1"}],"replies":[{"embeddable":true,"href":"http:\/\/www.cinephys.com\/adgali\/thenews\/index.php?rest_route=%2Fwp%2Fv2%2Fcomments&post=423"}],"version-history":[{"count":1,"href":"http:\/\/www.cinephys.com\/adgali\/thenews\/index.php?rest_route=\/wp\/v2\/pages\/423\/revisions"}],"predecessor-version":[{"id":424,"href":"http:\/\/www.cinephys.com\/adgali\/thenews\/index.php?rest_route=\/wp\/v2\/pages\/423\/revisions\/424"}],"wp:attachment":[{"href":"http:\/\/www.cinephys.com\/adgali\/thenews\/index.php?rest_route=%2Fwp%2Fv2%2Fmedia&parent=423"}],"curies":[{"name":"wp","href":"https:\/\/api.w.org\/{rel}","templated":true}]}}